{"id":2,"date":"2019-01-20T08:40:24","date_gmt":"2019-01-20T13:40:24","guid":{"rendered":"http:\/\/www.wbernsteinco.com\/sp\/?page_id=2"},"modified":"2019-01-25T13:31:57","modified_gmt":"2019-01-25T18:31:57","slug":"acerca","status":"publish","type":"page","link":"https:\/\/www.wbernsteinco.com\/sp\/acerca\/","title":{"rendered":"Acerca de Nosotros"},"content":{"rendered":"<h2>QUIENES SOMOS<\/h2>\n<p><img loading=\"lazy\" decoding=\"async\" class=\"alignright size-large wp-image-77\" src=\"http:\/\/www.wbernsteinco.com\/sp\/wp-content\/uploads\/2016\/06\/logo-red-1024x776.png\" alt=\"logo-red\" width=\"425\" height=\"330\" \/>William Bernstein Company ( WBC ) es un importador de gomas y resinas de Estados Unidos. William Bernstein comenz\u00f3 en este negocio intercambiando una variedad de productos e incorporo su compa\u00f1\u00eda en 1947 \u2013 hace mas de 70 anos.<\/p>\n<p>William Bernstein fue uno de los principales importadores \/ exportadores de materias primas de todo el mundo.<\/p>\n<h2>DONDE ESTUVIMOS<\/h2>\n<p>William Bernstein abri\u00f3 su primer oficina en Park Row en el bajo Manhattan ( enfrente del City Hall ) y continuo all\u00ed hasta 1989 cuando la compa\u00f1\u00eda mudo sus oficinas a la ubicaci\u00f3n actual en la calle 72 Oeste ( ver Contacto ) en el lado Oeste del Alto Manhattan.<\/p>\n<h2>QUE HICIMOS<\/h2>\n<p>Desde la d\u00e9cada de 1980 la compa\u00f1\u00eda se especializo en importar gomas y resinas. WBC importa una variedad de gomas y productos de resinas ( ver Portafolio ) incluyendo Olibanum<br \/>\n( Incienso ), Mirra, Dammar ( o Damar ), Goma Arabica, Benjui, etc. asi como una gran variedad de hierbas, especias y botanicals.<\/p>\n<h2>QUE SON GOMAS Y RESINAS?<\/h2>\n<p><img loading=\"lazy\" decoding=\"async\" class=\"alignleft size-medium wp-image-46\" src=\"http:\/\/www.wbernsteinco.com\/sp\/wp-content\/uploads\/2016\/04\/Gum-arabic-bowl-200x300.jpg\" alt=\"Gum Arabic, Gums and Resins\" width=\"200\" height=\"300\" srcset=\"https:\/\/www.wbernsteinco.com\/sp\/wp-content\/uploads\/2016\/04\/Gum-arabic-bowl-200x300.jpg 200w, https:\/\/www.wbernsteinco.com\/sp\/wp-content\/uploads\/2016\/04\/Gum-arabic-bowl-768x1150.jpg 768w, https:\/\/www.wbernsteinco.com\/sp\/wp-content\/uploads\/2016\/04\/Gum-arabic-bowl-684x1024.jpg 684w, https:\/\/www.wbernsteinco.com\/sp\/wp-content\/uploads\/2016\/04\/Gum-arabic-bowl.jpg 1000w\" sizes=\"auto, (max-width: 200px) 100vw, 200px\" \/>Una resina es una secreci\u00f3n viscosa de muchas plantas, particularmente arboles de con\u00edferas. Plnatas segregan resinas para prop\u00f3sitos de protecci\u00f3n. Derrotan una gran cantidad de herbovoros, insectos y pat\u00f3genos. Plantas de resinas ( resinas naturales ) son muy valiosas para la  producci\u00f3n de barnices, adhesivos y agentes de satinado en las comidas. Tambien son muy valiosas como materiales crudos para la s\u00edntesis de otros componentes organicos de incienso y perfume. Los t\u00e9rminos gomas y resinas son usualmente intercambiables: la principal diferencia entre ellos se encuentra en la composici\u00f3n qu\u00edmica o rotura.<\/p>\n<h2>View Our Product List<\/h2>\n<p><a style=\"padding: 15px 10px; background: #cf2127; color: #ffffff; text-decoration: none;\" href=\"http:\/\/www.wbernsteinco.com\/sp\/wp-content\/uploads\/2016\/04\/WBC-product-list-14Jun17.pdf\">DOWNLOAD<\/a><\/p>\n","protected":false},"excerpt":{"rendered":"<p>QUIENES SOMOS William Bernstein Company ( WBC ) es un importador de gomas y resinas de Estados Unidos. William Bernstein comenz\u00f3 en este negocio intercambiando una variedad de productos e incorporo su compa\u00f1\u00eda en 1947 \u2013 hace mas de 70 anos. William Bernstein fue uno de los principales importadores \/ exportadores de materias primas de todo el mundo. DONDE ESTUVIMOS William Bernstein abri\u00f3 su primer oficina en Park Row en &hellip; <\/p>\n","protected":false},"author":1,"featured_media":24,"parent":0,"menu_order":0,"comment_status":"closed","ping_status":"closed","template":"page-templates\/fullwidth.php","meta":{"_monsterinsights_skip_tracking":false,"_monsterinsights_sitenote_active":false,"_monsterinsights_sitenote_note":"","_monsterinsights_sitenote_category":0,"jetpack_post_was_ever_published":false,"footnotes":""},"class_list":["post-2","page","type-page","status-publish","has-post-thumbnail","hentry"],"yoast_head":"<!-- This site is optimized with the Yoast SEO plugin v26.8 - https:\/\/yoast.com\/product\/yoast-seo-wordpress\/ -->\n<title>Acerca de William Bernstein Company<\/title>\n<meta name=\"description\" content=\"William Bernstein Company imports gums and resins including Olibanum (Frankincense), Myrrh, Dammar, Gum Arabic, Benzoin &amp; other herbs, spices, &amp; botanicals.\" \/>\n<meta name=\"robots\" content=\"index, follow, max-snippet:-1, max-image-preview:large, max-video-preview:-1\" \/>\n<link rel=\"canonical\" href=\"https:\/\/www.wbernsteinco.com\/sp\/acerca\/\" \/>\n<meta property=\"og:locale\" content=\"en_US\" \/>\n<meta property=\"og:type\" content=\"article\" \/>\n<meta property=\"og:title\" content=\"Acerca de William Bernstein Company\" \/>\n<meta property=\"og:description\" content=\"William Bernstein Company imports gums and resins including Olibanum (Frankincense), Myrrh, Dammar, Gum Arabic, Benzoin &amp; other herbs, spices, &amp; botanicals.\" \/>\n<meta property=\"og:url\" content=\"https:\/\/www.wbernsteinco.com\/sp\/acerca\/\" \/>\n<meta property=\"og:site_name\" content=\"William Bernstein Company\" \/>\n<meta property=\"article:modified_time\" content=\"2019-01-25T18:31:57+00:00\" \/>\n<meta property=\"og:image\" content=\"https:\/\/www.wbernsteinco.com\/sp\/wp-content\/uploads\/2016\/04\/about-header.jpg\" \/>\n\t<meta property=\"og:image:width\" content=\"1700\" \/>\n\t<meta property=\"og:image:height\" content=\"401\" \/>\n\t<meta property=\"og:image:type\" content=\"image\/jpeg\" \/>\n<meta name=\"twitter:card\" content=\"summary_large_image\" \/>\n<meta name=\"twitter:label1\" content=\"Est. reading time\" \/>\n\t<meta name=\"twitter:data1\" content=\"1 minute\" \/>\n<script type=\"application\/ld+json\" class=\"yoast-schema-graph\">{\"@context\":\"https:\/\/schema.org\",\"@graph\":[{\"@type\":\"WebPage\",\"@id\":\"https:\/\/www.wbernsteinco.com\/sp\/acerca\/\",\"url\":\"https:\/\/www.wbernsteinco.com\/sp\/acerca\/\",\"name\":\"Acerca de William Bernstein Company\",\"isPartOf\":{\"@id\":\"https:\/\/www.wbernsteinco.com\/sp\/#website\"},\"primaryImageOfPage\":{\"@id\":\"https:\/\/www.wbernsteinco.com\/sp\/acerca\/#primaryimage\"},\"image\":{\"@id\":\"https:\/\/www.wbernsteinco.com\/sp\/acerca\/#primaryimage\"},\"thumbnailUrl\":\"https:\/\/www.wbernsteinco.com\/sp\/wp-content\/uploads\/2016\/04\/about-header.jpg\",\"datePublished\":\"2019-01-20T13:40:24+00:00\",\"dateModified\":\"2019-01-25T18:31:57+00:00\",\"description\":\"William Bernstein Company imports gums and resins including Olibanum (Frankincense), Myrrh, Dammar, Gum Arabic, Benzoin & other herbs, spices, & botanicals.\",\"breadcrumb\":{\"@id\":\"https:\/\/www.wbernsteinco.com\/sp\/acerca\/#breadcrumb\"},\"inLanguage\":\"en\",\"potentialAction\":[{\"@type\":\"ReadAction\",\"target\":[\"https:\/\/www.wbernsteinco.com\/sp\/acerca\/\"]}]},{\"@type\":\"ImageObject\",\"inLanguage\":\"en\",\"@id\":\"https:\/\/www.wbernsteinco.com\/sp\/acerca\/#primaryimage\",\"url\":\"https:\/\/www.wbernsteinco.com\/sp\/wp-content\/uploads\/2016\/04\/about-header.jpg\",\"contentUrl\":\"https:\/\/www.wbernsteinco.com\/sp\/wp-content\/uploads\/2016\/04\/about-header.jpg\",\"width\":1700,\"height\":401},{\"@type\":\"BreadcrumbList\",\"@id\":\"https:\/\/www.wbernsteinco.com\/sp\/acerca\/#breadcrumb\",\"itemListElement\":[{\"@type\":\"ListItem\",\"position\":1,\"name\":\"Home\",\"item\":\"https:\/\/www.wbernsteinco.com\/sp\/\"},{\"@type\":\"ListItem\",\"position\":2,\"name\":\"Acerca de Nosotros\"}]},{\"@type\":\"WebSite\",\"@id\":\"https:\/\/www.wbernsteinco.com\/sp\/#website\",\"url\":\"https:\/\/www.wbernsteinco.com\/sp\/\",\"name\":\"William Bernstein Company\",\"description\":\"Specialty Imports &amp; Exports\",\"potentialAction\":[{\"@type\":\"SearchAction\",\"target\":{\"@type\":\"EntryPoint\",\"urlTemplate\":\"https:\/\/www.wbernsteinco.com\/sp\/?s={search_term_string}\"},\"query-input\":{\"@type\":\"PropertyValueSpecification\",\"valueRequired\":true,\"valueName\":\"search_term_string\"}}],\"inLanguage\":\"en\"}]}<\/script>\n<!-- \/ Yoast SEO plugin. -->","yoast_head_json":{"title":"Acerca de William Bernstein Company","description":"William Bernstein Company imports gums and resins including Olibanum (Frankincense), Myrrh, Dammar, Gum Arabic, Benzoin & other herbs, spices, & botanicals.","robots":{"index":"index","follow":"follow","max-snippet":"max-snippet:-1","max-image-preview":"max-image-preview:large","max-video-preview":"max-video-preview:-1"},"canonical":"https:\/\/www.wbernsteinco.com\/sp\/acerca\/","og_locale":"en_US","og_type":"article","og_title":"Acerca de William Bernstein Company","og_description":"William Bernstein Company imports gums and resins including Olibanum (Frankincense), Myrrh, Dammar, Gum Arabic, Benzoin & other herbs, spices, & botanicals.","og_url":"https:\/\/www.wbernsteinco.com\/sp\/acerca\/","og_site_name":"William Bernstein Company","article_modified_time":"2019-01-25T18:31:57+00:00","og_image":[{"width":1700,"height":401,"url":"https:\/\/www.wbernsteinco.com\/sp\/wp-content\/uploads\/2016\/04\/about-header.jpg","type":"image\/jpeg"}],"twitter_card":"summary_large_image","twitter_misc":{"Est. reading time":"1 minute"},"schema":{"@context":"https:\/\/schema.org","@graph":[{"@type":"WebPage","@id":"https:\/\/www.wbernsteinco.com\/sp\/acerca\/","url":"https:\/\/www.wbernsteinco.com\/sp\/acerca\/","name":"Acerca de William Bernstein Company","isPartOf":{"@id":"https:\/\/www.wbernsteinco.com\/sp\/#website"},"primaryImageOfPage":{"@id":"https:\/\/www.wbernsteinco.com\/sp\/acerca\/#primaryimage"},"image":{"@id":"https:\/\/www.wbernsteinco.com\/sp\/acerca\/#primaryimage"},"thumbnailUrl":"https:\/\/www.wbernsteinco.com\/sp\/wp-content\/uploads\/2016\/04\/about-header.jpg","datePublished":"2019-01-20T13:40:24+00:00","dateModified":"2019-01-25T18:31:57+00:00","description":"William Bernstein Company imports gums and resins including Olibanum (Frankincense), Myrrh, Dammar, Gum Arabic, Benzoin & other herbs, spices, & botanicals.","breadcrumb":{"@id":"https:\/\/www.wbernsteinco.com\/sp\/acerca\/#breadcrumb"},"inLanguage":"en","potentialAction":[{"@type":"ReadAction","target":["https:\/\/www.wbernsteinco.com\/sp\/acerca\/"]}]},{"@type":"ImageObject","inLanguage":"en","@id":"https:\/\/www.wbernsteinco.com\/sp\/acerca\/#primaryimage","url":"https:\/\/www.wbernsteinco.com\/sp\/wp-content\/uploads\/2016\/04\/about-header.jpg","contentUrl":"https:\/\/www.wbernsteinco.com\/sp\/wp-content\/uploads\/2016\/04\/about-header.jpg","width":1700,"height":401},{"@type":"BreadcrumbList","@id":"https:\/\/www.wbernsteinco.com\/sp\/acerca\/#breadcrumb","itemListElement":[{"@type":"ListItem","position":1,"name":"Home","item":"https:\/\/www.wbernsteinco.com\/sp\/"},{"@type":"ListItem","position":2,"name":"Acerca de Nosotros"}]},{"@type":"WebSite","@id":"https:\/\/www.wbernsteinco.com\/sp\/#website","url":"https:\/\/www.wbernsteinco.com\/sp\/","name":"William Bernstein Company","description":"Specialty Imports &amp; Exports","potentialAction":[{"@type":"SearchAction","target":{"@type":"EntryPoint","urlTemplate":"https:\/\/www.wbernsteinco.com\/sp\/?s={search_term_string}"},"query-input":{"@type":"PropertyValueSpecification","valueRequired":true,"valueName":"search_term_string"}}],"inLanguage":"en"}]}},"jetpack_sharing_enabled":true,"jetpack_shortlink":"https:\/\/wp.me\/PaFKeV-2","_links":{"self":[{"href":"https:\/\/www.wbernsteinco.com\/sp\/wp-json\/wp\/v2\/pages\/2","targetHints":{"allow":["GET"]}}],"collection":[{"href":"https:\/\/www.wbernsteinco.com\/sp\/wp-json\/wp\/v2\/pages"}],"about":[{"href":"https:\/\/www.wbernsteinco.com\/sp\/wp-json\/wp\/v2\/types\/page"}],"author":[{"embeddable":true,"href":"https:\/\/www.wbernsteinco.com\/sp\/wp-json\/wp\/v2\/users\/1"}],"replies":[{"embeddable":true,"href":"https:\/\/www.wbernsteinco.com\/sp\/wp-json\/wp\/v2\/comments?post=2"}],"version-history":[{"count":13,"href":"https:\/\/www.wbernsteinco.com\/sp\/wp-json\/wp\/v2\/pages\/2\/revisions"}],"predecessor-version":[{"id":232,"href":"https:\/\/www.wbernsteinco.com\/sp\/wp-json\/wp\/v2\/pages\/2\/revisions\/232"}],"wp:featuredmedia":[{"embeddable":true,"href":"https:\/\/www.wbernsteinco.com\/sp\/wp-json\/wp\/v2\/media\/24"}],"wp:attachment":[{"href":"https:\/\/www.wbernsteinco.com\/sp\/wp-json\/wp\/v2\/media?parent=2"}],"curies":[{"name":"wp","href":"https:\/\/api.w.org\/{rel}","templated":true}]}}