{"id":4,"date":"2016-04-13T18:58:50","date_gmt":"2016-04-13T22:58:50","guid":{"rendered":"http:\/\/www.wbernsteinco.com\/sp\/?page_id=4"},"modified":"2020-10-21T06:09:28","modified_gmt":"2020-10-21T10:09:28","slug":"william-bernstein-co-importadores-y-exportadores-de-gomas-resinas-hierbas-y-especias","status":"publish","type":"page","link":"https:\/\/www.wbernsteinco.com\/sp\/","title":{"rendered":"William Bernstein Co. | Importadores Y Exportadores de Gomas, Resinas, Hierbas Y Especias"},"content":{"rendered":"<h2>Importadores y exportadores de gomas, resinas, hierbas y especias por m\u00e1s de 60 a\u00f1os.<\/h2>\n<p>View our <a href=\"http:\/\/www.wbernsteinco.com\/sp\/productos\/\">Productos<\/a><\/p>\n<p>&nbsp;<\/p>\n<p>William Bernstein Company (WBC) un gran importador estadounidense de gomas y resinas. La empresa fue constituida en 1947 por William Bernstein.<\/p>\n<figure id=\"attachment_29\" aria-describedby=\"caption-attachment-29\" style=\"width: 300px\" class=\"wp-caption alignright\"><img loading=\"lazy\" decoding=\"async\" class=\"size-medium wp-image-29\" src=\"http:\/\/www.wbernsteinco.com\/sp\/wp-content\/uploads\/2016\/04\/Gum-Arabic-300x216.jpg\" alt=\"Gums, Resins\" width=\"300\" height=\"216\" srcset=\"https:\/\/www.wbernsteinco.com\/sp\/wp-content\/uploads\/2016\/04\/Gum-Arabic-300x216.jpg 300w, https:\/\/www.wbernsteinco.com\/sp\/wp-content\/uploads\/2016\/04\/Gum-Arabic-768x552.jpg 768w, https:\/\/www.wbernsteinco.com\/sp\/wp-content\/uploads\/2016\/04\/Gum-Arabic-1024x737.jpg 1024w\" sizes=\"auto, (max-width: 300px) 100vw, 300px\" \/><figcaption id=\"caption-attachment-29\" class=\"wp-caption-text\">pile of Gum Arabic over white<\/figcaption><\/figure>\n<h2>QUE SON GOMAS Y RESINAS?<\/h2>\n<p>Una resina es una secreci\u00f3n viscosa de muchas plantas, particularmente arboles de con\u00edferas. Plnatas segregan resinas para prop\u00f3sitos de protecci\u00f3n. Derrotan una gran cantidad de herbovoros, insectos y pat\u00f3genos. Plantas de resinas ( resinas naturales ) son muy valiosas para la\u00a0 producci\u00f3n de barnices, adhesivos y agentes de satinado en las comidas. Tambien son muy valiosas como materiales crudos para la s\u00edntesis de otros componentes organicos de incienso y perfume. Los t\u00e9rminos gomas y resinas son usualmente intercambiables: la principal diferencia entre ellos se encuentra en la composici\u00f3n qu\u00edmica o rotura.<\/p>\n","protected":false},"excerpt":{"rendered":"<p>Importadores y exportadores de gomas, resinas, hierbas y especias por m\u00e1s de 60 a\u00f1os. View our Productos &nbsp; William Bernstein Company (WBC) un gran importador estadounidense de gomas y resinas. La empresa fue constituida en 1947 por William Bernstein. QUE SON GOMAS Y RESINAS? Una resina es una secreci\u00f3n viscosa de muchas plantas, particularmente arboles de con\u00edferas. Plnatas segregan resinas para prop\u00f3sitos de protecci\u00f3n. Derrotan una gran cantidad de herbovoros, &hellip; <\/p>\n","protected":false},"author":1,"featured_media":0,"parent":0,"menu_order":0,"comment_status":"closed","ping_status":"closed","template":"page-templates\/business-page.php","meta":{"_monsterinsights_skip_tracking":false,"_monsterinsights_sitenote_active":false,"_monsterinsights_sitenote_note":"","_monsterinsights_sitenote_category":0,"jetpack_post_was_ever_published":false,"footnotes":""},"class_list":["post-4","page","type-page","status-publish","hentry"],"yoast_head":"<!-- This site is optimized with the Yoast SEO plugin v26.8 - https:\/\/yoast.com\/product\/yoast-seo-wordpress\/ -->\n<title>William Bernstein Co. | Importadores Y Exportadores de Gomas Y Resinas<\/title>\n<meta name=\"description\" content=\"Importers &amp; Exporters of Gums, Resins, Herbs &amp; Spices for over 60 years, incorporated by William Bernstein in 1947, based in New York.\" \/>\n<meta name=\"robots\" content=\"index, follow, max-snippet:-1, max-image-preview:large, max-video-preview:-1\" \/>\n<link rel=\"canonical\" href=\"https:\/\/www.wbernsteinco.com\/sp\/\" \/>\n<meta property=\"og:locale\" content=\"en_US\" \/>\n<meta property=\"og:type\" content=\"article\" \/>\n<meta property=\"og:title\" content=\"William Bernstein Co. | Importadores Y Exportadores de Gomas Y Resinas\" \/>\n<meta property=\"og:description\" content=\"Importers &amp; Exporters of Gums, Resins, Herbs &amp; Spices for over 60 years, incorporated by William Bernstein in 1947, based in New York.\" \/>\n<meta property=\"og:url\" content=\"https:\/\/www.wbernsteinco.com\/sp\/\" \/>\n<meta property=\"og:site_name\" content=\"William Bernstein Company\" \/>\n<meta property=\"article:modified_time\" content=\"2020-10-21T10:09:28+00:00\" \/>\n<meta property=\"og:image\" content=\"http:\/\/www.wbernsteinco.com\/sp\/wp-content\/uploads\/2016\/04\/Gum-Arabic-300x216.jpg\" \/>\n<meta name=\"twitter:card\" content=\"summary_large_image\" \/>\n<meta name=\"twitter:label1\" content=\"Est. reading time\" \/>\n\t<meta name=\"twitter:data1\" content=\"1 minute\" \/>\n<script type=\"application\/ld+json\" class=\"yoast-schema-graph\">{\"@context\":\"https:\/\/schema.org\",\"@graph\":[{\"@type\":\"WebPage\",\"@id\":\"https:\/\/www.wbernsteinco.com\/sp\/\",\"url\":\"https:\/\/www.wbernsteinco.com\/sp\/\",\"name\":\"William Bernstein Co. | Importadores Y Exportadores de Gomas Y Resinas\",\"isPartOf\":{\"@id\":\"https:\/\/www.wbernsteinco.com\/sp\/#website\"},\"primaryImageOfPage\":{\"@id\":\"https:\/\/www.wbernsteinco.com\/sp\/#primaryimage\"},\"image\":{\"@id\":\"https:\/\/www.wbernsteinco.com\/sp\/#primaryimage\"},\"thumbnailUrl\":\"http:\/\/www.wbernsteinco.com\/sp\/wp-content\/uploads\/2016\/04\/Gum-Arabic-300x216.jpg\",\"datePublished\":\"2016-04-13T22:58:50+00:00\",\"dateModified\":\"2020-10-21T10:09:28+00:00\",\"description\":\"Importers & Exporters of Gums, Resins, Herbs & Spices for over 60 years, incorporated by William Bernstein in 1947, based in New York.\",\"breadcrumb\":{\"@id\":\"https:\/\/www.wbernsteinco.com\/sp\/#breadcrumb\"},\"inLanguage\":\"en\",\"potentialAction\":[{\"@type\":\"ReadAction\",\"target\":[\"https:\/\/www.wbernsteinco.com\/sp\/\"]}]},{\"@type\":\"ImageObject\",\"inLanguage\":\"en\",\"@id\":\"https:\/\/www.wbernsteinco.com\/sp\/#primaryimage\",\"url\":\"https:\/\/www.wbernsteinco.com\/sp\/wp-content\/uploads\/2016\/04\/Gum-Arabic.jpg\",\"contentUrl\":\"https:\/\/www.wbernsteinco.com\/sp\/wp-content\/uploads\/2016\/04\/Gum-Arabic.jpg\",\"width\":2800,\"height\":2014,\"caption\":\"pile of Gum Arabic over white\"},{\"@type\":\"BreadcrumbList\",\"@id\":\"https:\/\/www.wbernsteinco.com\/sp\/#breadcrumb\",\"itemListElement\":[{\"@type\":\"ListItem\",\"position\":1,\"name\":\"Home\",\"item\":\"https:\/\/www.wbernsteinco.com\/sp\/\"},{\"@type\":\"ListItem\",\"position\":2,\"name\":\"William Bernstein Co. | Importadores Y Exportadores de Gomas, Resinas, Hierbas Y Especias\"}]},{\"@type\":\"WebSite\",\"@id\":\"https:\/\/www.wbernsteinco.com\/sp\/#website\",\"url\":\"https:\/\/www.wbernsteinco.com\/sp\/\",\"name\":\"William Bernstein Company\",\"description\":\"Specialty Imports &amp; Exports\",\"potentialAction\":[{\"@type\":\"SearchAction\",\"target\":{\"@type\":\"EntryPoint\",\"urlTemplate\":\"https:\/\/www.wbernsteinco.com\/sp\/?s={search_term_string}\"},\"query-input\":{\"@type\":\"PropertyValueSpecification\",\"valueRequired\":true,\"valueName\":\"search_term_string\"}}],\"inLanguage\":\"en\"}]}<\/script>\n<!-- \/ Yoast SEO plugin. -->","yoast_head_json":{"title":"William Bernstein Co. | Importadores Y Exportadores de Gomas Y Resinas","description":"Importers & Exporters of Gums, Resins, Herbs & Spices for over 60 years, incorporated by William Bernstein in 1947, based in New York.","robots":{"index":"index","follow":"follow","max-snippet":"max-snippet:-1","max-image-preview":"max-image-preview:large","max-video-preview":"max-video-preview:-1"},"canonical":"https:\/\/www.wbernsteinco.com\/sp\/","og_locale":"en_US","og_type":"article","og_title":"William Bernstein Co. | Importadores Y Exportadores de Gomas Y Resinas","og_description":"Importers & Exporters of Gums, Resins, Herbs & Spices for over 60 years, incorporated by William Bernstein in 1947, based in New York.","og_url":"https:\/\/www.wbernsteinco.com\/sp\/","og_site_name":"William Bernstein Company","article_modified_time":"2020-10-21T10:09:28+00:00","og_image":[{"url":"http:\/\/www.wbernsteinco.com\/sp\/wp-content\/uploads\/2016\/04\/Gum-Arabic-300x216.jpg","type":"","width":"","height":""}],"twitter_card":"summary_large_image","twitter_misc":{"Est. reading time":"1 minute"},"schema":{"@context":"https:\/\/schema.org","@graph":[{"@type":"WebPage","@id":"https:\/\/www.wbernsteinco.com\/sp\/","url":"https:\/\/www.wbernsteinco.com\/sp\/","name":"William Bernstein Co. | Importadores Y Exportadores de Gomas Y Resinas","isPartOf":{"@id":"https:\/\/www.wbernsteinco.com\/sp\/#website"},"primaryImageOfPage":{"@id":"https:\/\/www.wbernsteinco.com\/sp\/#primaryimage"},"image":{"@id":"https:\/\/www.wbernsteinco.com\/sp\/#primaryimage"},"thumbnailUrl":"http:\/\/www.wbernsteinco.com\/sp\/wp-content\/uploads\/2016\/04\/Gum-Arabic-300x216.jpg","datePublished":"2016-04-13T22:58:50+00:00","dateModified":"2020-10-21T10:09:28+00:00","description":"Importers & Exporters of Gums, Resins, Herbs & Spices for over 60 years, incorporated by William Bernstein in 1947, based in New York.","breadcrumb":{"@id":"https:\/\/www.wbernsteinco.com\/sp\/#breadcrumb"},"inLanguage":"en","potentialAction":[{"@type":"ReadAction","target":["https:\/\/www.wbernsteinco.com\/sp\/"]}]},{"@type":"ImageObject","inLanguage":"en","@id":"https:\/\/www.wbernsteinco.com\/sp\/#primaryimage","url":"https:\/\/www.wbernsteinco.com\/sp\/wp-content\/uploads\/2016\/04\/Gum-Arabic.jpg","contentUrl":"https:\/\/www.wbernsteinco.com\/sp\/wp-content\/uploads\/2016\/04\/Gum-Arabic.jpg","width":2800,"height":2014,"caption":"pile of Gum Arabic over white"},{"@type":"BreadcrumbList","@id":"https:\/\/www.wbernsteinco.com\/sp\/#breadcrumb","itemListElement":[{"@type":"ListItem","position":1,"name":"Home","item":"https:\/\/www.wbernsteinco.com\/sp\/"},{"@type":"ListItem","position":2,"name":"William Bernstein Co. | Importadores Y Exportadores de Gomas, Resinas, Hierbas Y Especias"}]},{"@type":"WebSite","@id":"https:\/\/www.wbernsteinco.com\/sp\/#website","url":"https:\/\/www.wbernsteinco.com\/sp\/","name":"William Bernstein Company","description":"Specialty Imports &amp; Exports","potentialAction":[{"@type":"SearchAction","target":{"@type":"EntryPoint","urlTemplate":"https:\/\/www.wbernsteinco.com\/sp\/?s={search_term_string}"},"query-input":{"@type":"PropertyValueSpecification","valueRequired":true,"valueName":"search_term_string"}}],"inLanguage":"en"}]}},"jetpack_sharing_enabled":true,"jetpack_shortlink":"https:\/\/wp.me\/PaFKeV-4","_links":{"self":[{"href":"https:\/\/www.wbernsteinco.com\/sp\/wp-json\/wp\/v2\/pages\/4","targetHints":{"allow":["GET"]}}],"collection":[{"href":"https:\/\/www.wbernsteinco.com\/sp\/wp-json\/wp\/v2\/pages"}],"about":[{"href":"https:\/\/www.wbernsteinco.com\/sp\/wp-json\/wp\/v2\/types\/page"}],"author":[{"embeddable":true,"href":"https:\/\/www.wbernsteinco.com\/sp\/wp-json\/wp\/v2\/users\/1"}],"replies":[{"embeddable":true,"href":"https:\/\/www.wbernsteinco.com\/sp\/wp-json\/wp\/v2\/comments?post=4"}],"version-history":[{"count":10,"href":"https:\/\/www.wbernsteinco.com\/sp\/wp-json\/wp\/v2\/pages\/4\/revisions"}],"predecessor-version":[{"id":297,"href":"https:\/\/www.wbernsteinco.com\/sp\/wp-json\/wp\/v2\/pages\/4\/revisions\/297"}],"wp:attachment":[{"href":"https:\/\/www.wbernsteinco.com\/sp\/wp-json\/wp\/v2\/media?parent=4"}],"curies":[{"name":"wp","href":"https:\/\/api.w.org\/{rel}","templated":true}]}}